{"id":571,"date":"2015-09-23T10:27:15","date_gmt":"2015-09-23T08:27:15","guid":{"rendered":"http:\/\/www.gaestehaus-heller.at\/en\/?page_id=571"},"modified":"2015-09-23T10:33:02","modified_gmt":"2015-09-23T08:33:02","slug":"imprint","status":"publish","type":"page","link":"https:\/\/www.gaestehaus-heller.at\/en\/imprint\/","title":{"rendered":"Imprint"},"content":{"rendered":"<p>Website G\u00e4stehaus Heller<\/p>\n<p>Alle Angaben nach \u00a7 25 Mediengesetz, \u00a7 63 GewO<br \/>\nund \u00a75 Abs.1 E-Commerce-Gesetz (ECG)<\/p>\n<p>Medieninhaber:<br \/>\nAnnemarie Heller<\/p>\n<p>Sitz des Medieninhabers:<br \/>\nWeissenkirchen 14<br \/>\nA-3610 Weissenkirchen\/ Wachau<br \/>\nTel.: +43 (0) 2715\/ 2221<br \/>\nFax: +43 (0) 2715\/ 2221 11<br \/>\nMail: <a href=\"mailto:gaestehausheller@gmx.at\">gaestehausheller@gmx.at<\/a><br \/>\nWeb: <a title=\"G\u00e4stehaus Heller - Wachau\" href=\"http:\/\/www.gaestehaus-heller.at\/undefined\/\" target=\"_blank\">www.gaestehaus-heller.at<\/a><br \/>\nMitglied bei: Wirtschaftskammer Nieder\u00f6sterreich<br \/>\nBeh\u00f6rde gem. ECG: Bezirkshauptmannschaft Krems\/ Donau<\/p>\n<p>Unternehmensgegenstand: Hotellerie<br \/>\nBlattlinie: Information \u00fcber Dienstleistungen des Unternehmens und Darstellung des Unternehmens<\/p>\n<p>Rechtsform: Einzelunternehmen<br \/>\nUID Nr.: ATU 18580701<\/p>\n<p>Fotos aus der Wachau von:<br \/>\nARGE 100% Wachau Mitgliedsbetriebe, Tourismusverein Wei\u00dfenkirchen, Gemeindeamt Wei\u00dfenkirchen in der Wachau, Wachau Festspiele, Donau Nieder\u00f6sterreich Tourismus GmbH, Dom\u00e4ne Wachau, Brandner Schifffahrt, Rita Newman.<\/p>\n<p>Bankverbindung:<\/p>\n<p>Annemarie Heller<br \/>\nKremser Bank und Sparkassen AG<br \/>\nKontonummer 00500511746<br \/>\nBlz. 20228<br \/>\nIBAN:\u00a0\u00a0 AT312022800500511746<br \/>\nBIC:\u00a0\u00a0\u00a0 SPKDAT21<\/p>\n<p>Inhalt des Onlineangebotes:<br \/>\nDas G\u00e4stehaus Heller \u00fcbernimmt keinerlei Gew\u00e4hr f\u00fcr die Aktualit\u00e4t, Korrektheit, Vollst\u00e4ndigkeit oder Qualit\u00e4t der bereitgestellten Informationen. Haftungsanspr\u00fcche gegen das G\u00e4stehaus Heller, welche sich auf Sch\u00e4den materieller oder ideeller Art beziehen, die durch die Nutzung oder Nichtnutzung der dargebotenen Informationen bzw. durch die Nutzung fehlerhafter und unvollst\u00e4ndiger Informationen verursacht wurden, sind grunds\u00e4tzlich ausgeschlossen, sofern seitens des G\u00e4stehaus Heller kein nachweislich vors\u00e4tzliches oder grob fahrl\u00e4ssiges Verschulden vorliegt. Alle Angebote sind freibleibend und unverbindlich. Das G\u00e4stehaus Heller beh\u00e4lt es sich ausdr\u00fccklich vor, Teile der Seiten oder das gesamte Angebot ohne gesonderte Ank\u00fcndigung zu ver\u00e4ndern, zu erg\u00e4nzen, zu l\u00f6schen oder die Ver\u00f6ffentlichung zeitweise oder endg\u00fcltig einzustellen.<\/p>\n<p>Verweise und Links:<br \/>\nBei direkten oder indirekten Verweisen auf fremde Internetseiten, so genannten &#8220;Links&#8221;, die au\u00dferhalb des Verantwortungsbereiches des G\u00e4stehaus Heller liegen, w\u00fcrde eine Haftungsverpflichtung ausschlie\u00dflich in dem Fall in Kraft treten, in dem das G\u00e4stehaus Heller von den Inhalten Kenntnis hat und es selbiger technisch m\u00f6glich und zumutbar w\u00e4re, die Nutzung im Falle rechtswidriger Inhalte zu verhindern. Das G\u00e4stehaus Heller erkl\u00e4rt hiermit ausdr\u00fccklich, dass zum Zeitpunkt der Linksetzung die entsprechenden verlinkten Seiten frei von illegalen Inhalten waren. Auf die aktuelle und zuk\u00fcnftige Gestaltung, die Inhalte oder die Urheberschaft der gelinkten, bzw. verkn\u00fcpften Seiten hat das G\u00e4stehaus Heller keinerlei Einfluss. Deshalb distanziert sich das G\u00e4stehaus Heller hiermit ausdr\u00fccklich von allen Inhalten aller gelinkten, bzw. verkn\u00fcpften Seiten, die nach der Linksetzung ver\u00e4ndert wurden. Diese Feststellung gilt f\u00fcr alle innerhalb des eigenen Internetangebotes gesetzten Links und Verweise sowie f\u00fcr Fremdeintr\u00e4ge in von dem Unternehmen eingerichteten Services wie G\u00e4steb\u00fcchern, Diskussionsforen, Mailinglisten und \u00e4hnlichem. F\u00fcr illegale, fehlerhafte oder unvollst\u00e4ndige Inhalte und insbesondere f\u00fcr Sch\u00e4den, die aus der Nutzung oder Nichtnutzung solcherart dargebotener Informationen entstehen, haftet allein der Anbieter der Seite, auf welche verwiesen wurde, nicht derjenige, der \u00fcber Links auf die jeweilige Ver\u00f6ffentlichung lediglich verweist.<\/p>\n<p>Urheber- und Kennzeichenrecht:<br \/>\nDas G\u00e4stehaus Heler ist bestrebt, in allen Publikationen die Urheberrechte der verwendeten Grafiken, Tondokumente, Videosequenzen und Texte zu beachten, von ihm selbst erstellte Grafiken, Tondokumente, Videosequenzen und Texte zu nutzen oder auf lizenzfreie Grafiken, Tondokumente, Videosequenzen und Texte zur\u00fcckzugreifen. Alle innerhalb des Internetangebotes genannten und ggf. durch Dritte gesch\u00fctzten Marken- und Warenzeichen unterliegen uneingeschr\u00e4nkt den Bestimmungen des jeweils g\u00fcltigen Kennzeichenrechts und den Besitzrechten der jeweiligen eingetragenen Eigent\u00fcmer. Allein aufgrund der blo\u00dfen Nennung ist nicht der Schluss zu ziehen, dass Markenzeichen nicht durch Rechte Dritter gesch\u00fctzt sind! Das Copyright f\u00fcr ver\u00f6ffentlichte, vom G\u00e4stehaus Heller selbst erstellten Objekten bleibt allein beim Besitzer der Seiten. Eine Vervielf\u00e4ltigung oder Verwendung solcher Grafiken, Tondokumente, Videosequenzen und Texte in anderen elektronischen oder gedruckten Publikationen ist ohne ausdr\u00fcckliche Zustimmung des G\u00e4stehaus Heller nicht gestattet.<\/p>\n<p>Foto Vermerk:<br \/>\nDonau Nieder\u00f6sterreich, Rita Newman, Marktgemeinde Wei\u00dfenkirchen, Wachaufestspiele, private Fotos<\/p>\n<p>Datenschutz:<br \/>\nSofern innerhalb des Internetangebotes die M\u00f6glichkeit zur Eingabe pers\u00f6nlicher oder gesch\u00e4ftlicher Daten (wie z.B. Emailadressen, Namen, Anschriften und \u00e4hnliches) besteht, so erfolgt die Preisgabe dieser Daten seitens des Nutzers auf ausdr\u00fccklich freiwilliger Basis. Der User stimmt somit zu dass seine Daten in diesem Fall elektronisch erfasst werden und &#8211; bis auf schriftlichen Widerruf mittels eingeschriebenen Briefes &#8211; f\u00fcr eigene Aussendungen des G\u00e4stehaus Heller und deren Partner genutzt werden. Die Inanspruchnahme und Bezahlung aller angebotenen Dienste ist &#8211; soweit technisch m\u00f6glich und zumutbar &#8211; auch ohne Angabe solcher Daten bzw. unter Angabe anonymisierter Daten oder eines Pseudonyms gestattet.<\/p>\n<p>Google Analytics:<br \/>\nUm Ihnen ein bestm\u00f6gliches Service zu liefern, setzen wir auf unserer Website google analytics ein. Dadurch ergeben sich von der EU abweichende Nutzungsbedingungen. Diese finden Sie unter folgendem Link: <a title=\"Nutzungsbedingungen Google Analytics\" href=\"http:\/\/www.gugler-brand-digital.at\/nutzungsbedingungen-google-analytics\/\">Nutzungsbedingungen Google Analytics\u00a0<\/a><\/p>\n<p>Sonstiges:<br \/>\nSofern Teile oder einzelne Formulierungen dieses Textes der geltenden Rechtslage nicht, nicht mehr oder nicht vollst\u00e4ndig entsprechen sollten, bleiben die \u00fcbrigen Teile des Dokumentes in ihrem Inhalt und ihrer G\u00fcltigkeit davon unber\u00fchrt.<br \/>\n2015. G\u00e4stehaus Heller. Alle Rechte vorbehalten! Die Texte, Grafiken und Design-Elemente auf der Website www.gaestehaus-heller.at unterliegen dem Copyright.<\/p>\n<p>Preis- und Programm\u00e4nderungen vorbehalten. Tippfehler vorbehalten.<\/p>\n","protected":false},"excerpt":{"rendered":"<p>Website G\u00e4stehaus Heller Alle Angaben nach \u00a7 25 Mediengesetz, \u00a7 63 GewO und \u00a75 Abs.1 E-Commerce-Gesetz (ECG) Medieninhaber: Annemarie Heller Sitz des Medieninhabers: Weissenkirchen 14 A-3610 Weissenkirchen\/ Wachau Tel.: +43&#8230;<\/p>\n","protected":false},"author":1,"featured_media":0,"parent":0,"menu_order":0,"comment_status":"closed","ping_status":"closed","template":"","meta":{"footnotes":""},"class_list":["post-571","page","type-page","status-publish"],"yoast_head":"<!-- This site is optimized with the Yoast SEO plugin v26.0 - https:\/\/yoast.com\/wordpress\/plugins\/seo\/ -->\n<title>Imprint - G\u00e4stehaus Heller<\/title>\n<meta name=\"robots\" content=\"index, follow, max-snippet:-1, max-image-preview:large, max-video-preview:-1\" \/>\n<link rel=\"canonical\" href=\"https:\/\/www.gaestehaus-heller.at\/en\/imprint\/\" \/>\n<meta property=\"og:locale\" content=\"en_US\" \/>\n<meta property=\"og:type\" content=\"article\" \/>\n<meta property=\"og:title\" content=\"Imprint - G\u00e4stehaus Heller\" \/>\n<meta property=\"og:description\" content=\"Website G\u00e4stehaus Heller Alle Angaben nach \u00a7 25 Mediengesetz, \u00a7 63 GewO und \u00a75 Abs.1 E-Commerce-Gesetz (ECG) Medieninhaber: Annemarie Heller Sitz des Medieninhabers: Weissenkirchen 14 A-3610 Weissenkirchen\/ Wachau Tel.: +43...\" \/>\n<meta property=\"og:url\" content=\"https:\/\/www.gaestehaus-heller.at\/en\/imprint\/\" \/>\n<meta property=\"og:site_name\" content=\"G\u00e4stehaus Heller\" \/>\n<meta property=\"article:modified_time\" content=\"2015-09-23T08:33:02+00:00\" \/>\n<meta name=\"twitter:card\" content=\"summary_large_image\" \/>\n<meta name=\"twitter:label1\" content=\"Est. reading time\" \/>\n\t<meta name=\"twitter:data1\" content=\"4 minutes\" \/>\n<script type=\"application\/ld+json\" class=\"yoast-schema-graph\">{\"@context\":\"https:\/\/schema.org\",\"@graph\":[{\"@type\":\"WebPage\",\"@id\":\"https:\/\/www.gaestehaus-heller.at\/en\/imprint\/\",\"url\":\"https:\/\/www.gaestehaus-heller.at\/en\/imprint\/\",\"name\":\"Imprint - G\u00e4stehaus Heller\",\"isPartOf\":{\"@id\":\"https:\/\/www.gaestehaus-heller.at\/en\/#website\"},\"datePublished\":\"2015-09-23T08:27:15+00:00\",\"dateModified\":\"2015-09-23T08:33:02+00:00\",\"breadcrumb\":{\"@id\":\"https:\/\/www.gaestehaus-heller.at\/en\/imprint\/#breadcrumb\"},\"inLanguage\":\"en-US\",\"potentialAction\":[{\"@type\":\"ReadAction\",\"target\":[\"https:\/\/www.gaestehaus-heller.at\/en\/imprint\/\"]}]},{\"@type\":\"BreadcrumbList\",\"@id\":\"https:\/\/www.gaestehaus-heller.at\/en\/imprint\/#breadcrumb\",\"itemListElement\":[{\"@type\":\"ListItem\",\"position\":1,\"name\":\"Home\",\"item\":\"https:\/\/www.gaestehaus-heller.at\/en\/\"},{\"@type\":\"ListItem\",\"position\":2,\"name\":\"Imprint\"}]},{\"@type\":\"WebSite\",\"@id\":\"https:\/\/www.gaestehaus-heller.at\/en\/#website\",\"url\":\"https:\/\/www.gaestehaus-heller.at\/en\/\",\"name\":\"G\u00e4stehaus Heller\",\"description\":\"Eine weitere G\u00e4stehaus Heller Seite\",\"potentialAction\":[{\"@type\":\"SearchAction\",\"target\":{\"@type\":\"EntryPoint\",\"urlTemplate\":\"https:\/\/www.gaestehaus-heller.at\/en\/?s={search_term_string}\"},\"query-input\":{\"@type\":\"PropertyValueSpecification\",\"valueRequired\":true,\"valueName\":\"search_term_string\"}}],\"inLanguage\":\"en-US\"}]}<\/script>\n<!-- \/ Yoast SEO plugin. -->","yoast_head_json":{"title":"Imprint - G\u00e4stehaus Heller","robots":{"index":"index","follow":"follow","max-snippet":"max-snippet:-1","max-image-preview":"max-image-preview:large","max-video-preview":"max-video-preview:-1"},"canonical":"https:\/\/www.gaestehaus-heller.at\/en\/imprint\/","og_locale":"en_US","og_type":"article","og_title":"Imprint - G\u00e4stehaus Heller","og_description":"Website G\u00e4stehaus Heller Alle Angaben nach \u00a7 25 Mediengesetz, \u00a7 63 GewO und \u00a75 Abs.1 E-Commerce-Gesetz (ECG) Medieninhaber: Annemarie Heller Sitz des Medieninhabers: Weissenkirchen 14 A-3610 Weissenkirchen\/ Wachau Tel.: +43...","og_url":"https:\/\/www.gaestehaus-heller.at\/en\/imprint\/","og_site_name":"G\u00e4stehaus Heller","article_modified_time":"2015-09-23T08:33:02+00:00","twitter_card":"summary_large_image","twitter_misc":{"Est. reading time":"4 minutes"},"schema":{"@context":"https:\/\/schema.org","@graph":[{"@type":"WebPage","@id":"https:\/\/www.gaestehaus-heller.at\/en\/imprint\/","url":"https:\/\/www.gaestehaus-heller.at\/en\/imprint\/","name":"Imprint - G\u00e4stehaus Heller","isPartOf":{"@id":"https:\/\/www.gaestehaus-heller.at\/en\/#website"},"datePublished":"2015-09-23T08:27:15+00:00","dateModified":"2015-09-23T08:33:02+00:00","breadcrumb":{"@id":"https:\/\/www.gaestehaus-heller.at\/en\/imprint\/#breadcrumb"},"inLanguage":"en-US","potentialAction":[{"@type":"ReadAction","target":["https:\/\/www.gaestehaus-heller.at\/en\/imprint\/"]}]},{"@type":"BreadcrumbList","@id":"https:\/\/www.gaestehaus-heller.at\/en\/imprint\/#breadcrumb","itemListElement":[{"@type":"ListItem","position":1,"name":"Home","item":"https:\/\/www.gaestehaus-heller.at\/en\/"},{"@type":"ListItem","position":2,"name":"Imprint"}]},{"@type":"WebSite","@id":"https:\/\/www.gaestehaus-heller.at\/en\/#website","url":"https:\/\/www.gaestehaus-heller.at\/en\/","name":"G\u00e4stehaus Heller","description":"Eine weitere G\u00e4stehaus Heller Seite","potentialAction":[{"@type":"SearchAction","target":{"@type":"EntryPoint","urlTemplate":"https:\/\/www.gaestehaus-heller.at\/en\/?s={search_term_string}"},"query-input":{"@type":"PropertyValueSpecification","valueRequired":true,"valueName":"search_term_string"}}],"inLanguage":"en-US"}]}},"_links":{"self":[{"href":"https:\/\/www.gaestehaus-heller.at\/en\/wp-json\/wp\/v2\/pages\/571","targetHints":{"allow":["GET"]}}],"collection":[{"href":"https:\/\/www.gaestehaus-heller.at\/en\/wp-json\/wp\/v2\/pages"}],"about":[{"href":"https:\/\/www.gaestehaus-heller.at\/en\/wp-json\/wp\/v2\/types\/page"}],"author":[{"embeddable":true,"href":"https:\/\/www.gaestehaus-heller.at\/en\/wp-json\/wp\/v2\/users\/1"}],"replies":[{"embeddable":true,"href":"https:\/\/www.gaestehaus-heller.at\/en\/wp-json\/wp\/v2\/comments?post=571"}],"version-history":[{"count":3,"href":"https:\/\/www.gaestehaus-heller.at\/en\/wp-json\/wp\/v2\/pages\/571\/revisions"}],"predecessor-version":[{"id":574,"href":"https:\/\/www.gaestehaus-heller.at\/en\/wp-json\/wp\/v2\/pages\/571\/revisions\/574"}],"wp:attachment":[{"href":"https:\/\/www.gaestehaus-heller.at\/en\/wp-json\/wp\/v2\/media?parent=571"}],"curies":[{"name":"wp","href":"https:\/\/api.w.org\/{rel}","templated":true}]}}